{"id":235,"date":"2021-07-12T11:15:22","date_gmt":"2021-07-12T11:15:22","guid":{"rendered":"https:\/\/szablon.pawelkepa.pl\/demo1\/?page_id=235"},"modified":"2025-10-20T23:18:07","modified_gmt":"2025-10-20T21:18:07","slug":"uslugi","status":"publish","type":"page","link":"https:\/\/gitarypodlupa.pl\/?page_id=235","title":{"rendered":"Poprawa komfortu gry i brzmienia Twojej gitary &#8211; zakres us\u0142ug"},"content":{"rendered":"\n<div class=\"wp-block-getwid-section alignfull alignfull getwid-section-content-custom-width\"><div class=\"wp-block-getwid-section__wrapper getwid-padding-bottom-large getwid-padding-left-medium getwid-padding-right-medium\" style=\"padding-top:80px\"><div class=\"wp-block-getwid-section__inner-wrapper\" style=\"max-width:1140px\"><div class=\"wp-block-getwid-section__background-holder\"><div class=\"wp-block-getwid-section__background\"><\/div><div class=\"wp-block-getwid-section__foreground\"><\/div><\/div><div class=\"wp-block-getwid-section__content\"><div class=\"wp-block-getwid-section__inner-content\">\n<div class=\"wp-block-columns is-layout-flex wp-container-core-columns-is-layout-9d6595d7 wp-block-columns-is-layout-flex\">\n<div class=\"wp-block-column is-vertically-aligned-center is-layout-flow wp-block-column-is-layout-flow\" style=\"flex-basis:66.66%\">\n<p class=\"has-text-align-left has-black-color has-text-color has-link-color has-large-font-size wp-elements-27caedeefaed951278414d019d3dc464\" style=\"font-style:normal;font-weight:600\">Pami\u0119taj!!!<\/p>\n\n\n\n<p class=\"has-black-color has-text-color has-link-color has-medium-font-size wp-elements-aac2ed8abe369126f82abb40d86c4042\" style=\"font-style:normal;font-weight:600\">Lepszy komfort gry i brzmienie Twojej gitary to szybszy i efektywniejszy rozw\u00f3j Twoich umiej\u0119tno\u015bci.<\/p>\n\n\n\n<p class=\"has-black-color has-text-color has-link-color has-medium-font-size wp-elements-a46459e163b51bf393daaf86dac008cd\" style=\"font-style:normal;font-weight:600\">W mojej pracowni w\u0142a\u015bnie tym si\u0119 zajmujemy. Poprawiamy komfort gry i brzmienie instrument\u00f3w a tak\u017ce wykonujemy wiele innych zabieg\u00f3w, kt\u00f3re mog\u0105 podnie\u015b\u0107 Tw\u00f3j instrument na wy\u017cszy poziom. Ka\u017cda gitara ma potencja\u0142, trzeba go tylko wydoby\u0107 i wykorzysta\u0107.<\/p>\n\n\n\n<p class=\"has-black-color has-text-color has-link-color has-medium-font-size wp-elements-6c656c2223129e541f5b64232c156027\" style=\"font-style:normal;font-weight:700\">ZAKRES US\u0141UG<\/p>\n\n\n\n<p class=\"has-black-color has-text-color has-link-color wp-elements-fb55e140771c44eeaf519011ea2382c0\">Diagnostyka: sprawdzimy instrument, podpowiemy co warto by\u0142oby zrobi\u0107, \u017ceby poprawi\u0107 komfort oraz walory brzmieniowe<\/p>\n\n\n\n<p class=\"has-black-color has-text-color has-link-color wp-elements-3801f36eb41599d8a6c22e2aca683e21\">Szlif prog\u00f3w w kontrolowanym napr\u0119\u017ceniu &#8211; nie zawsze progi trzeba wymienia\u0107, w niekt\u00f3rych przypadkach wystarczy je wyr\u00f3wna\u0107 poprzez wykonanie szlifu &#8211; ten zabieg poprawia komfort gry oraz wybrzmiewanie poszczeg\u00f3lnych strun &#8211; zabezpieczymy gitar\u0119, wyr\u00f3wnamy progi, wyprofilujemy koron\u0119 prog\u00f3w, zaokr\u0105glimy kraw\u0119dzie i wypolerujemy.<\/p>\n\n\n\n<p class=\"has-black-color has-text-color has-link-color wp-elements-8e97d5b248e94c9d18bee0ace99fdfcd\">Wymiana Prog\u00f3w &#8211; zyskujemy praktycznie nowy stan gryfu &#8211; zabezpieczymy gitar\u0119, wyjmiemy progi, wyczy\u015bcimy i wyr\u00f3wnamy podstrunnic\u0119, zainstalujemy nowe progi i je wypoziomujemy. zabezpieczymy podstrunnic\u0119 i wypolerujemy progi.<\/p>\n\n\n\n<p class=\"has-black-color has-text-color has-link-color wp-elements-87e05905859459d44e803af1388773a2\">Korekcja siode\u0142ka\/blokady Floyd Rose &#8211; dzi\u0119ki tej operacji poprawi si\u0119 intonacja oraz komfort gry<\/p>\n\n\n\n<p class=\"has-black-color has-text-color has-link-color wp-elements-32f2cf611d24fcf20f05e18973a49bb0\">Regulacja krzywizny gryfu &#8211; dzi\u0119ki temu zabiegowi uzyskujemy prawid\u0142ow\u0105 geometri\u0119 gryfu i poprawiamy komfort gry<\/p>\n\n\n\n<p class=\"has-black-color has-text-color has-link-color wp-elements-1989ade097e72e321cf59f28e3557ffe\">Ustawienie akcji strun &#8211; dzi\u0119ki temu zabiegowi dostosowujemy akcj\u0119 strun do twoich wymaga\u0144 i poprawiamy komfort gry<\/p>\n\n\n\n<p class=\"has-black-color has-text-color has-link-color wp-elements-f4b9a08ef896776fc24935e08a24c62d\">Intonacja (wystrojenie menzury) &#8211; zabieg niezb\u0119dny, aby gitara stroi\u0142a na ca\u0142ej d\u0142ugo\u015bci gryfu<\/p>\n\n\n\n<p class=\"has-black-color has-text-color has-link-color wp-elements-7865c40db548754609e4c8d250c295b1\">Wymiana strun + struny<\/p>\n\n\n\n<p class=\"has-black-color has-text-color has-link-color wp-elements-b7faa6eb5f3152573e3ecf225d251aa6\">Polerowanie prog\u00f3w &#8211; pozytywnie wp\u0142ywa na komfort gry, poprawia brzmienie instrumentu oraz nadaje progom po\u0142ysk<\/p>\n\n\n\n<p class=\"has-black-color has-text-color has-link-color wp-elements-7be7b83fb6eac0fdc779fa62acc896d6\">Czyszczenie i konserwacja podstrunnicy &#8211; usuwamy z podstrunnicy zanieczyszczenia, kt\u00f3re powstaj\u0105 w trakcie u\u017cytkowania i impregnujemy specjalnym olejkiem, dzi\u0119ki czemu zabezpieczamy podstrunnic\u0119 przed wysychaniem i wch\u0142anianiem przez drewno zanieczyszcze\u0144. zyskujemy zabezpieczenie przed wypchni\u0119ciem prog\u00f3w przez wyschni\u0119te drewno oraz poprawiaj\u0105 si\u0119 walory brzmieniowe instrumentu<\/p>\n\n\n\n<p class=\"has-black-color has-text-color has-link-color wp-elements-8399548e5c82f51be252b25033a152f8\">Wymiana siode\u0142ka g\u0142\u00f3wki &#8211; poprawia si\u0119 intonacja, komfort gry oraz brzmienie instrumentu<\/p>\n\n\n\n<p class=\"has-black-color has-text-color has-link-color wp-elements-6fde1044d00ad1d4b89b802df89855d5\">Wymiana siode\u0142ka mostka (gitary akustyczne i klasyczne) &#8211; poprawia si\u0119 intonacja, komfort gry oraz brzmienie instrumentu<\/p>\n\n\n\n<p class=\"has-black-color has-text-color has-link-color wp-elements-6a81737cff1224129c14f083d4cc56c6\">Naprawy wymiana element\u00f3w elektroniki(potencjometr\u00f3w, prze\u0142\u0105cznik\u00f3w, przetwornik\u00f3w)<\/p>\n\n\n\n<p class=\"has-black-color has-text-color has-link-color wp-elements-07af1ad1895d3d7dd3b286a6ab827995\">Ekranowanie kom\u00f3r elektroniki &#8211; eliminuje przyd\u017awi\u0119ki, buczenie, szumy, kt\u00f3re generowane s\u0105 przez sie\u0107 elektryczn\u0105 <\/p>\n\n\n\n<div class=\"wp-block-buttons is-layout-flex wp-block-buttons-is-layout-flex\">\n<div class=\"wp-block-button btn\"><a class=\"wp-block-button__link has-black-background-color has-background wp-element-button\" href=\"https:\/\/szablon.pawelkepa.pl\/demo1\/kontakt\/\" style=\"border-radius:1px\">Dowiedz si\u0119 wi\u0119cej<\/a><\/div>\n<\/div>\n<\/div>\n<\/div>\n<\/div><\/div><\/div><\/div><\/div>\n\n\n\n<div class=\"wp-block-getwid-section alignfull alignfull getwid-section-content-custom-width\"><div class=\"wp-block-getwid-section__wrapper getwid-padding-left-medium getwid-padding-right-medium\"><div class=\"wp-block-getwid-section__inner-wrapper\" style=\"max-width:1140px\"><div class=\"wp-block-getwid-section__background-holder\"><div class=\"wp-block-getwid-section__background\"><\/div><div class=\"wp-block-getwid-section__foreground\"><\/div><\/div><div class=\"wp-block-getwid-section__content\"><div class=\"wp-block-getwid-section__inner-content\">\n<div class=\"wp-block-columns has-3-columns is-layout-flex wp-container-core-columns-is-layout-9d6595d7 wp-block-columns-is-layout-flex\">\n<div class=\"wp-block-column is-layout-flow wp-block-column-is-layout-flow\">\n<div class=\"wp-block-getwid-icon-box has-icon-left has-text-left\"><div class=\"wp-block-getwid-icon-box__icon-container is-position-top\"><div class=\"wp-block-getwid-icon-box__icon-wrapper has-text-color has-black-color\" style=\"font-size:36px;padding:20px\"><i class=\"far fa-map\"><\/i><\/div><\/div><div class=\"wp-block-getwid-icon-box__content\">\n<div class=\"wp-block-getwid-advanced-heading\"><h4 class=\"wp-block-getwid-advanced-heading__content\" style=\"text-align:left\">Projektowanie<\/h4><\/div>\n\n\n\n<p class=\"has-text-align-left\">Je\u015bli Chcia\u0142by\u015b\/Chcia\u0142aby\u015b scustomizowa\u0107 swoj\u0105 gitar\u0119, to wystarczy j\u0105 dostarczy\u0107. wykonamy DARMOW\u0104 diagnostyk\u0119 i przedstawimy nasze sugestie.<\/p>\n<\/div><\/div>\n<\/div>\n\n\n\n<div class=\"wp-block-column is-layout-flow wp-block-column-is-layout-flow\">\n<div class=\"wp-block-getwid-icon-box has-icon-left has-text-left\"><div class=\"wp-block-getwid-icon-box__icon-container is-position-top\"><div class=\"wp-block-getwid-icon-box__icon-wrapper has-text-color has-black-color\" style=\"font-size:36px;padding:20px\"><i class=\"fas fa-screwdriver\"><\/i><\/div><\/div><div class=\"wp-block-getwid-icon-box__content\">\n<div class=\"wp-block-getwid-advanced-heading\"><h4 class=\"wp-block-getwid-advanced-heading__content\" style=\"text-align:left\">Realizacja<\/h4><\/div>\n\n\n\n<p class=\"has-text-align-left\">Wykonujemy regulacje, naprawy, renowacje i customizacj\u0119 gitar<\/p>\n<\/div><\/div>\n<\/div>\n\n\n\n<div class=\"wp-block-column is-layout-flow wp-block-column-is-layout-flow\"><\/div>\n<\/div>\n<\/div><\/div><\/div><\/div><\/div>\n\n\n\n<div class=\"wp-block-getwid-section getwid-section-content-full-width\"><div class=\"wp-block-getwid-section__wrapper getwid-padding-top-none getwid-padding-bottom-none getwid-padding-left-none getwid-padding-right-none\"><div class=\"wp-block-getwid-section__inner-wrapper\"><div class=\"wp-block-getwid-section__background-holder\"><div class=\"wp-block-getwid-section__background\"><\/div><div class=\"wp-block-getwid-section__foreground\"><\/div><\/div><div class=\"wp-block-getwid-section__content\"><div class=\"wp-block-getwid-section__inner-content\"><\/div><\/div><\/div><\/div><\/div>\n\n\n\n<div class=\"wp-block-getwid-section alignfull alignfull getwid-section-content-custom-width\"><div class=\"wp-block-getwid-section__wrapper getwid-padding-left-medium getwid-padding-right-medium\" style=\"padding-top:80px\"><div class=\"wp-block-getwid-section__inner-wrapper\" style=\"max-width:1140px\"><div class=\"wp-block-getwid-section__background-holder\"><div class=\"wp-block-getwid-section__background\"><\/div><div class=\"wp-block-getwid-section__foreground\"><\/div><\/div><div class=\"wp-block-getwid-section__content\"><div class=\"wp-block-getwid-section__inner-content\">\n<div class=\"wp-block-getwid-advanced-heading\" style=\"margin-bottom:0px;margin-top:0px\"><span class=\"wp-block-getwid-advanced-heading__content has-text-color has-black-color\" style=\"text-align:center\"><strong>Dlaczego m<\/strong>oja pracownia?<\/span><\/div>\n\n\n\n<div class=\"wp-block-getwid-advanced-heading\" style=\"margin-bottom:30px;margin-top:10px\"><h2 class=\"wp-block-getwid-advanced-heading__content\" style=\"text-align:center\">Poznaj nasze zalety<\/h2><\/div>\n\n\n\n<div class=\"wp-block-getwid-advanced-spacer\" style=\"height:40px\" aria-hidden=\"true\"><\/div>\n\n\n\n<div class=\"wp-block-columns has-3-columns is-layout-flex wp-container-core-columns-is-layout-9d6595d7 wp-block-columns-is-layout-flex\">\n<div class=\"wp-block-column is-layout-flow wp-block-column-is-layout-flow\">\n<div class=\"wp-block-getwid-icon-box has-text-center\"><div class=\"wp-block-getwid-icon-box__icon-container is-position-top\"><div class=\"wp-block-getwid-icon-box__icon-wrapper has-text-color has-black-color\" style=\"font-size:36px;padding:0px\"><i class=\"far fa-calendar-check\"><\/i><\/div><\/div><div class=\"wp-block-getwid-icon-box__content\">\n<div class=\"wp-block-getwid-advanced-heading\"><h4 class=\"wp-block-getwid-advanced-heading__content\">Terminowo\u015b\u0107<\/h4><\/div>\n\n\n\n<p>Wsp\u00f3lnie ustalimy termin odbioru instrumentu w oparciu o kalendarz oraz czas potrzebny na rzetelne i dok\u0142adne wykonanie us\u0142ugi.<\/p>\n<\/div><\/div>\n<\/div>\n\n\n\n<div class=\"wp-block-column is-layout-flow wp-block-column-is-layout-flow\">\n<div class=\"wp-block-getwid-icon-box has-text-center\"><div class=\"wp-block-getwid-icon-box__icon-container is-position-top\"><div class=\"wp-block-getwid-icon-box__icon-wrapper has-text-color has-black-color\" style=\"font-size:36px;padding:0px\"><i class=\"far fa-building\"><\/i><\/div><\/div><div class=\"wp-block-getwid-icon-box__content\">\n<div class=\"wp-block-getwid-advanced-heading\"><h4 class=\"wp-block-getwid-advanced-heading__content\">Konkurencyjno\u015b\u0107<\/h4><\/div>\n\n\n\n<p>Wykonujemy nasze us\u0142ugi korzystaj\u0105c z profesjonalnych narz\u0119dzi i przyrz\u0105d\u00f3w, dzi\u0119ki czemu mo\u017cemy zapewni\u0107 najwy\u017csz\u0105 jako\u015b\u0107, przy zachowaniu atrakcyjnych cen.<\/p>\n<\/div><\/div>\n<\/div>\n\n\n\n<div class=\"wp-block-column is-layout-flow wp-block-column-is-layout-flow\">\n<div class=\"wp-block-getwid-icon-box has-text-center\"><div class=\"wp-block-getwid-icon-box__icon-container is-position-top\"><div class=\"wp-block-getwid-icon-box__icon-wrapper has-text-color has-black-color\" style=\"font-size:36px;padding:0px\"><i class=\"far fa-credit-card\"><\/i><\/div><\/div><div class=\"wp-block-getwid-icon-box__content\">\n<div class=\"wp-block-getwid-advanced-heading\"><h4 class=\"wp-block-getwid-advanced-heading__content\">Przyst\u0119pno\u015b\u0107<\/h4><\/div>\n\n\n\n<p>Potrafimy dostosowa\u0107 si\u0119 do potrzeb klienta, a jednocze\u015bnie s\u0142u\u017cymy rad\u0105.<\/p>\n<\/div><\/div>\n<\/div>\n<\/div>\n\n\n\n<div class=\"wp-block-getwid-advanced-spacer getwid-hide-mobile\" style=\"height:40px\" aria-hidden=\"true\"><\/div>\n\n\n\n<div class=\"wp-block-columns has-3-columns is-layout-flex wp-container-core-columns-is-layout-9d6595d7 wp-block-columns-is-layout-flex\">\n<div class=\"wp-block-column is-layout-flow wp-block-column-is-layout-flow\">\n<div class=\"wp-block-getwid-icon-box has-text-center\"><div class=\"wp-block-getwid-icon-box__icon-container is-position-top\"><div class=\"wp-block-getwid-icon-box__icon-wrapper has-text-color has-black-color\" style=\"font-size:36px;padding:0px\"><i class=\"fas fa-chess\"><\/i><\/div><\/div><div class=\"wp-block-getwid-icon-box__content\">\n<div class=\"wp-block-getwid-advanced-heading\"><h4 class=\"wp-block-getwid-advanced-heading__content\">Fachowo\u015b\u0107<\/h4><\/div>\n\n\n\n<p>Pracujemy cierpliwie i dok\u0142adnie.<\/p>\n<\/div><\/div>\n<\/div>\n\n\n\n<div class=\"wp-block-column is-layout-flow wp-block-column-is-layout-flow\">\n<div class=\"wp-block-getwid-icon-box has-text-center\"><div class=\"wp-block-getwid-icon-box__icon-container is-position-top\"><div class=\"wp-block-getwid-icon-box__icon-wrapper has-text-color has-black-color\" style=\"font-size:36px;padding:0px\"><i class=\"far fa-clock\"><\/i><\/div><\/div><div class=\"wp-block-getwid-icon-box__content\">\n<div class=\"wp-block-getwid-advanced-heading\"><h4 class=\"wp-block-getwid-advanced-heading__content\">Wyzwanie<\/h4><\/div>\n\n\n\n<p>Praca z drewnem, z kt\u00f3rego wykonane s\u0105 gitary to wyzwanie, kt\u00f3re wymaga cierpliwo\u015bci. Niekt\u00f3rych proces\u00f3w nie wolno przy\u015bpiesza\u0107, aby zapewni\u0107 nale\u017cyt\u0105 jako\u015b\u0107. Tutaj nie ma miejsca na po\u015bpiech.<\/p>\n\n\n\n<p><\/p>\n<\/div><\/div>\n<\/div>\n\n\n\n<div class=\"wp-block-column is-layout-flow wp-block-column-is-layout-flow\">\n<div class=\"wp-block-getwid-icon-box has-text-center\"><div class=\"wp-block-getwid-icon-box__icon-container is-position-top\"><div class=\"wp-block-getwid-icon-box__icon-wrapper has-text-color has-black-color\" style=\"font-size:36px;padding:0px\"><i class=\"fab fa-buromobelexperte\"><\/i><\/div><\/div><div class=\"wp-block-getwid-icon-box__content\">\n<div class=\"wp-block-getwid-advanced-heading\"><h4 class=\"wp-block-getwid-advanced-heading__content\">Do\u015bwiadczenie<\/h4><\/div>\n\n\n\n<p>Po wrzuceniu na g\u0142\u0119bok\u0105 wod\u0119, posiedli\u015bmy wiedz\u0119 oraz odpowiednie narz\u0119dzia.<\/p>\n<\/div><\/div>\n<\/div>\n<\/div>\n<\/div><\/div><\/div><\/div><\/div>\n\n\n\n<div class=\"wp-block-getwid-section alignfull alignfull getwid-section-content-custom-width\"><div class=\"wp-block-getwid-section__wrapper getwid-padding-left-medium getwid-padding-right-medium\" style=\"padding-top:80px;padding-bottom:80px\"><div class=\"wp-block-getwid-section__inner-wrapper\" style=\"max-width:1140px\"><div class=\"wp-block-getwid-section__background-holder\"><div class=\"wp-block-getwid-section__background has-background\" style=\"background-color:#f0f0f0\"><\/div><div class=\"wp-block-getwid-section__foreground\"><\/div><\/div><div class=\"wp-block-getwid-section__content\"><div class=\"wp-block-getwid-section__inner-content\">\n<div class=\"wp-block-getwid-advanced-heading\" style=\"margin-bottom:0px;margin-top:0px\"><span class=\"wp-block-getwid-advanced-heading__content has-text-color has-black-color\" style=\"text-align:left\"><strong><strong>Galeria<\/strong><\/strong><\/span><\/div>\n\n\n\n<div class=\"wp-block-getwid-advanced-heading\" style=\"margin-bottom:30px;margin-top:10px\"><h2 class=\"wp-block-getwid-advanced-heading__content\" style=\"text-align:left\">Przyk\u0142adowe realizacje<\/h2><\/div>\n\n\n\n<div class=\"wp-block-getwid-images-slider has-arrows-none has-dots-outside is-carousel has-slides-gap-normal has-images-center has-cropped-images\"><div class=\"wp-block-getwid-images-slider__wrapper\" data-effect=\"slide\" data-slides-show=\"3\" data-slides-show-laptop=\"1\" data-slides-show-tablet=\"1\" data-slides-show-mobile=\"1\" data-slides-scroll=\"1\" data-autoplay=\"false\" data-pause-hover=\"false\" data-autoplay-speed=\"6000\" data-infinite=\"true\" data-animation-speed=\"800\" data-center-mode=\"false\" data-variable-width=\"false\" data-arrows=\"none\" data-dots=\"outside\" data-spacing=\"normal\"><div class=\"wp-block-getwid-images-slider__item\"><figure><img loading=\"lazy\" decoding=\"async\" width=\"600\" height=\"350\" src=\"https:\/\/gitarypodlupa.pl\/wp-content\/uploads\/2025\/09\/20250813_150418-600x350.jpg\" alt=\"\" data-id=\"871\" data-link=\"https:\/\/gitarypodlupa.pl\/?attachment_id=871\" data-original-link=\"https:\/\/gitarypodlupa.pl\/wp-content\/uploads\/2025\/09\/20250813_150418-scaled.jpg\" class=\"wp-block-getwid-images-slider__image wp-image-871\" srcset=\"https:\/\/gitarypodlupa.pl\/wp-content\/uploads\/2025\/09\/20250813_150418-600x350.jpg 600w, https:\/\/gitarypodlupa.pl\/wp-content\/uploads\/2025\/09\/20250813_150418-1200x700.jpg 1200w\" sizes=\"auto, (max-width: 600px) 100vw, 600px\" \/><\/figure><\/div><div class=\"wp-block-getwid-images-slider__item\"><figure><img loading=\"lazy\" decoding=\"async\" width=\"600\" height=\"350\" src=\"https:\/\/gitarypodlupa.pl\/wp-content\/uploads\/2025\/09\/20250813_150411-600x350.jpg\" alt=\"\" data-id=\"870\" data-link=\"https:\/\/gitarypodlupa.pl\/?attachment_id=870\" data-original-link=\"https:\/\/gitarypodlupa.pl\/wp-content\/uploads\/2025\/09\/20250813_150411-scaled.jpg\" class=\"wp-block-getwid-images-slider__image wp-image-870\" srcset=\"https:\/\/gitarypodlupa.pl\/wp-content\/uploads\/2025\/09\/20250813_150411-600x350.jpg 600w, https:\/\/gitarypodlupa.pl\/wp-content\/uploads\/2025\/09\/20250813_150411-1200x700.jpg 1200w\" sizes=\"auto, (max-width: 600px) 100vw, 600px\" \/><\/figure><\/div><div class=\"wp-block-getwid-images-slider__item\"><figure><img loading=\"lazy\" decoding=\"async\" width=\"600\" height=\"350\" src=\"https:\/\/gitarypodlupa.pl\/wp-content\/uploads\/2025\/09\/20250813_150409-600x350.jpg\" alt=\"\" data-id=\"869\" data-link=\"https:\/\/gitarypodlupa.pl\/?attachment_id=869\" data-original-link=\"https:\/\/gitarypodlupa.pl\/wp-content\/uploads\/2025\/09\/20250813_150409-scaled.jpg\" class=\"wp-block-getwid-images-slider__image wp-image-869\" srcset=\"https:\/\/gitarypodlupa.pl\/wp-content\/uploads\/2025\/09\/20250813_150409-600x350.jpg 600w, https:\/\/gitarypodlupa.pl\/wp-content\/uploads\/2025\/09\/20250813_150409-1200x700.jpg 1200w\" sizes=\"auto, (max-width: 600px) 100vw, 600px\" \/><\/figure><\/div><div class=\"wp-block-getwid-images-slider__item\"><figure><img loading=\"lazy\" decoding=\"async\" width=\"600\" height=\"350\" src=\"https:\/\/gitarypodlupa.pl\/wp-content\/uploads\/2025\/09\/20250809_165049-600x350.jpg\" alt=\"\" data-id=\"868\" data-link=\"https:\/\/gitarypodlupa.pl\/?attachment_id=868\" data-original-link=\"https:\/\/gitarypodlupa.pl\/wp-content\/uploads\/2025\/09\/20250809_165049-scaled.jpg\" class=\"wp-block-getwid-images-slider__image wp-image-868\" srcset=\"https:\/\/gitarypodlupa.pl\/wp-content\/uploads\/2025\/09\/20250809_165049-600x350.jpg 600w, https:\/\/gitarypodlupa.pl\/wp-content\/uploads\/2025\/09\/20250809_165049-1200x700.jpg 1200w\" sizes=\"auto, (max-width: 600px) 100vw, 600px\" \/><\/figure><\/div><div class=\"wp-block-getwid-images-slider__item\"><figure><img loading=\"lazy\" decoding=\"async\" width=\"600\" height=\"350\" src=\"https:\/\/gitarypodlupa.pl\/wp-content\/uploads\/2025\/09\/20250809_164955-600x350.jpg\" alt=\"\" data-id=\"867\" data-link=\"https:\/\/gitarypodlupa.pl\/?attachment_id=867\" data-original-link=\"https:\/\/gitarypodlupa.pl\/wp-content\/uploads\/2025\/09\/20250809_164955-scaled.jpg\" class=\"wp-block-getwid-images-slider__image wp-image-867\" srcset=\"https:\/\/gitarypodlupa.pl\/wp-content\/uploads\/2025\/09\/20250809_164955-600x350.jpg 600w, https:\/\/gitarypodlupa.pl\/wp-content\/uploads\/2025\/09\/20250809_164955-1200x700.jpg 1200w\" sizes=\"auto, (max-width: 600px) 100vw, 600px\" \/><\/figure><\/div><div class=\"wp-block-getwid-images-slider__item\"><figure><img loading=\"lazy\" decoding=\"async\" width=\"600\" height=\"350\" src=\"https:\/\/gitarypodlupa.pl\/wp-content\/uploads\/2025\/09\/20250407_095858-600x350.jpg\" alt=\"\" data-id=\"864\" data-link=\"https:\/\/gitarypodlupa.pl\/?attachment_id=864\" data-original-link=\"https:\/\/gitarypodlupa.pl\/wp-content\/uploads\/2025\/09\/20250407_095858-scaled.jpg\" class=\"wp-block-getwid-images-slider__image wp-image-864\" srcset=\"https:\/\/gitarypodlupa.pl\/wp-content\/uploads\/2025\/09\/20250407_095858-600x350.jpg 600w, https:\/\/gitarypodlupa.pl\/wp-content\/uploads\/2025\/09\/20250407_095858-1200x700.jpg 1200w\" sizes=\"auto, (max-width: 600px) 100vw, 600px\" \/><\/figure><\/div><div class=\"wp-block-getwid-images-slider__item\"><figure><img loading=\"lazy\" decoding=\"async\" width=\"600\" height=\"350\" src=\"https:\/\/gitarypodlupa.pl\/wp-content\/uploads\/2025\/09\/20250414_165931-600x350.jpg\" alt=\"\" data-id=\"862\" data-link=\"https:\/\/gitarypodlupa.pl\/?attachment_id=862\" data-original-link=\"https:\/\/gitarypodlupa.pl\/wp-content\/uploads\/2025\/09\/20250414_165931-scaled.jpg\" class=\"wp-block-getwid-images-slider__image wp-image-862\" srcset=\"https:\/\/gitarypodlupa.pl\/wp-content\/uploads\/2025\/09\/20250414_165931-600x350.jpg 600w, https:\/\/gitarypodlupa.pl\/wp-content\/uploads\/2025\/09\/20250414_165931-1200x700.jpg 1200w\" sizes=\"auto, (max-width: 600px) 100vw, 600px\" \/><\/figure><\/div><\/div><\/div>\n<\/div><\/div><\/div><\/div><\/div>\n\n\n\n<div class=\"wp-block-getwid-section alignfull alignfull getwid-section-content-custom-width\"><div class=\"wp-block-getwid-section__wrapper getwid-padding-left-medium getwid-padding-right-medium\" style=\"padding-top:100px;padding-bottom:50px\"><div class=\"wp-block-getwid-section__inner-wrapper\" style=\"max-width:1140px\"><div class=\"wp-block-getwid-section__background-holder\"><div class=\"wp-block-getwid-section__background has-background has-black-background-color\"><\/div><div class=\"wp-block-getwid-section__foreground\" style=\"opacity:0;background-color:#000000\"><\/div><\/div><div class=\"wp-block-getwid-section__content\"><div class=\"wp-block-getwid-section__inner-content\">\n<div class=\"wp-block-columns is-layout-flex wp-container-core-columns-is-layout-9d6595d7 wp-block-columns-is-layout-flex\">\n<div class=\"wp-block-column is-layout-flow wp-block-column-is-layout-flow\" style=\"flex-basis:70%\">\n<div class=\"wp-block-getwid-advanced-heading\" style=\"margin-bottom:30px;margin-top:10px\"><h2 class=\"wp-block-getwid-advanced-heading__content has-text-color\" style=\"text-align:left;color:#ffffff\">MASZ PYTANIA?<br>ZADZWO\u0143 +48 698 097 675<\/h2><\/div>\n<\/div>\n\n\n\n<div class=\"wp-block-column is-layout-flow wp-block-column-is-layout-flow\">\n<div style=\"height:30px\" aria-hidden=\"true\" class=\"wp-block-spacer\"><\/div>\n\n\n\n<div class=\"wp-block-buttons is-horizontal is-content-justification-right is-layout-flex wp-container-core-buttons-is-layout-ae2fe186 wp-block-buttons-is-layout-flex\"><\/div>\n<\/div>\n<\/div>\n<\/div><\/div><\/div><\/div><\/div>\n","protected":false},"excerpt":{"rendered":"","protected":false},"author":1,"featured_media":975,"parent":0,"menu_order":0,"comment_status":"closed","ping_status":"closed","template":"","meta":{"_monsterinsights_skip_tracking":false,"_monsterinsights_sitenote_active":false,"_monsterinsights_sitenote_note":"","_monsterinsights_sitenote_category":0,"footnotes":""},"class_list":["post-235","page","type-page","status-publish","has-post-thumbnail","hentry"],"aioseo_notices":[],"_links":{"self":[{"href":"https:\/\/gitarypodlupa.pl\/index.php?rest_route=\/wp\/v2\/pages\/235","targetHints":{"allow":["GET"]}}],"collection":[{"href":"https:\/\/gitarypodlupa.pl\/index.php?rest_route=\/wp\/v2\/pages"}],"about":[{"href":"https:\/\/gitarypodlupa.pl\/index.php?rest_route=\/wp\/v2\/types\/page"}],"author":[{"embeddable":true,"href":"https:\/\/gitarypodlupa.pl\/index.php?rest_route=\/wp\/v2\/users\/1"}],"replies":[{"embeddable":true,"href":"https:\/\/gitarypodlupa.pl\/index.php?rest_route=%2Fwp%2Fv2%2Fcomments&post=235"}],"version-history":[{"count":35,"href":"https:\/\/gitarypodlupa.pl\/index.php?rest_route=\/wp\/v2\/pages\/235\/revisions"}],"predecessor-version":[{"id":1094,"href":"https:\/\/gitarypodlupa.pl\/index.php?rest_route=\/wp\/v2\/pages\/235\/revisions\/1094"}],"wp:featuredmedia":[{"embeddable":true,"href":"https:\/\/gitarypodlupa.pl\/index.php?rest_route=\/wp\/v2\/media\/975"}],"wp:attachment":[{"href":"https:\/\/gitarypodlupa.pl\/index.php?rest_route=%2Fwp%2Fv2%2Fmedia&parent=235"}],"curies":[{"name":"wp","href":"https:\/\/api.w.org\/{rel}","templated":true}]}}