{"id":335,"date":"2021-07-12T12:57:04","date_gmt":"2021-07-12T12:57:04","guid":{"rendered":"https:\/\/szablon.pawelkepa.pl\/demo1\/?page_id=335"},"modified":"2025-10-20T23:17:43","modified_gmt":"2025-10-20T21:17:43","slug":"strona-glowna","status":"publish","type":"page","link":"https:\/\/gitarypodlupa.pl\/","title":{"rendered":"Wygodniejsza i lepiej brzmi\u0105ca gitara &#8211; to szybszy rozw\u00f3j Twoich umiej\u0119tno\u015bci"},"content":{"rendered":"\n<div class=\"wp-block-getwid-section alignfull alignfull getwid-section-content-custom-width\"><div class=\"wp-block-getwid-section__wrapper getwid-padding-left-medium getwid-padding-right-medium\" style=\"padding-top:100px;padding-bottom:0px\"><div class=\"wp-block-getwid-section__inner-wrapper\" style=\"max-width:1140px\"><div class=\"wp-block-getwid-section__background-holder\"><div class=\"wp-block-getwid-section__background\"><\/div><div class=\"wp-block-getwid-section__foreground\"><\/div><\/div><div class=\"wp-block-getwid-section__content\"><div class=\"wp-block-getwid-section__inner-content\">\n<div class=\"wp-block-columns is-layout-flex wp-container-core-columns-is-layout-9d6595d7 wp-block-columns-is-layout-flex\">\n<div class=\"wp-block-column is-layout-flow wp-block-column-is-layout-flow\" style=\"flex-basis:50%\">\n<figure class=\"wp-block-image size-large\"><img loading=\"lazy\" decoding=\"async\" width=\"1024\" height=\"1024\" src=\"https:\/\/gitarypodlupa.pl\/wp-content\/uploads\/2025\/09\/1758787358726-1024x1024.jpg\" alt=\"\" class=\"wp-image-996\" srcset=\"https:\/\/gitarypodlupa.pl\/wp-content\/uploads\/2025\/09\/1758787358726-1024x1024.jpg 1024w, https:\/\/gitarypodlupa.pl\/wp-content\/uploads\/2025\/09\/1758787358726-300x300.jpg 300w, https:\/\/gitarypodlupa.pl\/wp-content\/uploads\/2025\/09\/1758787358726-150x150.jpg 150w, https:\/\/gitarypodlupa.pl\/wp-content\/uploads\/2025\/09\/1758787358726-768x768.jpg 768w, https:\/\/gitarypodlupa.pl\/wp-content\/uploads\/2025\/09\/1758787358726-1536x1536.jpg 1536w, https:\/\/gitarypodlupa.pl\/wp-content\/uploads\/2025\/09\/1758787358726.jpg 1920w\" sizes=\"auto, (max-width: 1024px) 100vw, 1024px\" \/><\/figure>\n\n\n\n<div style=\"height:50px\" aria-hidden=\"true\" class=\"wp-block-spacer\"><\/div>\n<\/div>\n\n\n\n<div class=\"wp-block-column is-layout-flow wp-block-column-is-layout-flow\">\n<div class=\"wp-block-getwid-advanced-heading has-custom-font-size\" style=\"font-size:32px;margin-bottom:30px;margin-top:10px\"><h2 class=\"wp-block-getwid-advanced-heading__content\" style=\"text-align:left;text-transform:capitalize\">Serwis Gitar: Gitary pod lup\u0105<\/h2><\/div>\n\n\n\n<p class=\"has-black-color has-text-color has-link-color has-large-font-size wp-elements-e93292e7d128727645f5c1b117bb56af\" style=\"font-style:normal;font-weight:600\">Pami\u0119taj!!!<\/p>\n\n\n\n<p class=\"has-black-color has-text-color has-link-color has-medium-font-size wp-elements-aac2ed8abe369126f82abb40d86c4042\" style=\"font-style:normal;font-weight:600\">Lepszy komfort gry i brzmienie Twojej gitary to szybszy i efektywniejszy rozw\u00f3j Twoich umiej\u0119tno\u015bci.<\/p>\n\n\n\n<p class=\"has-black-color has-text-color has-link-color has-medium-font-size wp-elements-a46459e163b51bf393daaf86dac008cd\" style=\"font-style:normal;font-weight:600\">W mojej pracowni w\u0142a\u015bnie tym si\u0119 zajmujemy. Poprawiamy komfort gry i brzmienie instrument\u00f3w a tak\u017ce wykonujemy wiele innych zabieg\u00f3w, kt\u00f3re mog\u0105 podnie\u015b\u0107 Tw\u00f3j instrument na wy\u017cszy poziom. Ka\u017cda gitara ma potencja\u0142, trzeba go tylko wydoby\u0107 i wykorzysta\u0107.<\/p>\n\n\n\n<p class=\"has-black-color has-text-color has-link-color wp-elements-d770da3558548d29ed7eb98596608a7d\" style=\"font-style:normal;font-weight:600\"><strong>Wykonujemy:<\/strong><\/p>\n\n\n\n<p class=\"has-black-color has-text-color has-link-color wp-elements-ced13f60b198a53459795b89222cc4ab\" style=\"font-style:normal;font-weight:600\"><strong>Regulacje, naprawy, renowacje i customizacje gitar:<\/strong><\/p>\n\n\n\n<p class=\"has-black-color has-text-color has-link-color wp-elements-ea86f6668ce0a1a956a2d95f989361e3\" style=\"font-style:normal;font-weight:600\"><strong>elektrycznych<\/strong><\/p>\n\n\n\n<p class=\"has-black-color has-text-color has-link-color wp-elements-5f68286c22c23764130267f1a53431e1\" style=\"font-style:normal;font-weight:600\"><strong>basowych<\/strong><\/p>\n\n\n\n<p class=\"has-black-color has-text-color has-link-color wp-elements-f3dbfc0241f972dd3f83f763bf1a75ad\" style=\"font-style:normal;font-weight:600\"><strong>akustycznych<\/strong><\/p>\n\n\n\n<p class=\"has-black-color has-text-color has-link-color wp-elements-8689f9e5b839089178a9111157da0379\" style=\"font-style:normal;font-weight:600\"><strong>klasycznych<\/strong><\/p>\n\n\n\n<div style=\"height:35px\" aria-hidden=\"true\" class=\"wp-block-spacer\"><\/div>\n\n\n\n<div class=\"wp-block-columns is-layout-flex wp-container-core-columns-is-layout-9d6595d7 wp-block-columns-is-layout-flex\">\n<div class=\"wp-block-column is-layout-flow wp-block-column-is-layout-flow\"><\/div>\n<\/div>\n\n\n\n<div style=\"height:35px\" aria-hidden=\"true\" class=\"wp-block-spacer\"><\/div>\n\n\n\n<div style=\"height:50px\" aria-hidden=\"true\" class=\"wp-block-spacer\"><\/div>\n<\/div>\n<\/div>\n<\/div><\/div><\/div><\/div><\/div>\n\n\n\n<div class=\"wp-block-getwid-section alignfull alignfull getwid-section-content-custom-width\"><div class=\"wp-block-getwid-section__wrapper getwid-padding-left-medium getwid-padding-right-medium\" style=\"padding-top:100px;padding-bottom:50px\"><div class=\"wp-block-getwid-section__inner-wrapper\" style=\"max-width:1140px\"><div class=\"wp-block-getwid-section__background-holder\"><div class=\"wp-block-getwid-section__background has-background has-black-background-color\"><\/div><div class=\"wp-block-getwid-section__foreground\" style=\"opacity:0;background-color:#000000\"><\/div><\/div><div class=\"wp-block-getwid-section__content\"><div class=\"wp-block-getwid-section__inner-content\">\n<div class=\"wp-block-columns is-layout-flex wp-container-core-columns-is-layout-9d6595d7 wp-block-columns-is-layout-flex\">\n<div class=\"wp-block-column is-layout-flow wp-block-column-is-layout-flow\" style=\"flex-basis:70%\">\n<div class=\"wp-block-getwid-advanced-heading\" style=\"margin-bottom:30px;margin-top:10px\"><h2 class=\"wp-block-getwid-advanced-heading__content has-text-color\" style=\"text-align:left;color:#ffffff\">MASZ PYTANIA?<br>ZADZWO\u0143 +48 698 097 675 <\/h2><\/div>\n<\/div>\n\n\n\n<div class=\"wp-block-column is-layout-flow wp-block-column-is-layout-flow\">\n<div style=\"height:30px\" aria-hidden=\"true\" class=\"wp-block-spacer\"><\/div>\n\n\n\n<div class=\"wp-block-buttons is-horizontal is-content-justification-right is-layout-flex wp-container-core-buttons-is-layout-ae2fe186 wp-block-buttons-is-layout-flex\"><\/div>\n<\/div>\n<\/div>\n<\/div><\/div><\/div><\/div><\/div>\n\n\n\n<p><\/p>\n","protected":false},"excerpt":{"rendered":"","protected":false},"author":1,"featured_media":975,"parent":0,"menu_order":0,"comment_status":"closed","ping_status":"closed","template":"","meta":{"_monsterinsights_skip_tracking":false,"_monsterinsights_sitenote_active":false,"_monsterinsights_sitenote_note":"","_monsterinsights_sitenote_category":0,"footnotes":""},"class_list":["post-335","page","type-page","status-publish","has-post-thumbnail","hentry"],"aioseo_notices":[],"_links":{"self":[{"href":"https:\/\/gitarypodlupa.pl\/index.php?rest_route=\/wp\/v2\/pages\/335","targetHints":{"allow":["GET"]}}],"collection":[{"href":"https:\/\/gitarypodlupa.pl\/index.php?rest_route=\/wp\/v2\/pages"}],"about":[{"href":"https:\/\/gitarypodlupa.pl\/index.php?rest_route=\/wp\/v2\/types\/page"}],"author":[{"embeddable":true,"href":"https:\/\/gitarypodlupa.pl\/index.php?rest_route=\/wp\/v2\/users\/1"}],"replies":[{"embeddable":true,"href":"https:\/\/gitarypodlupa.pl\/index.php?rest_route=%2Fwp%2Fv2%2Fcomments&post=335"}],"version-history":[{"count":34,"href":"https:\/\/gitarypodlupa.pl\/index.php?rest_route=\/wp\/v2\/pages\/335\/revisions"}],"predecessor-version":[{"id":1093,"href":"https:\/\/gitarypodlupa.pl\/index.php?rest_route=\/wp\/v2\/pages\/335\/revisions\/1093"}],"wp:featuredmedia":[{"embeddable":true,"href":"https:\/\/gitarypodlupa.pl\/index.php?rest_route=\/wp\/v2\/media\/975"}],"wp:attachment":[{"href":"https:\/\/gitarypodlupa.pl\/index.php?rest_route=%2Fwp%2Fv2%2Fmedia&parent=335"}],"curies":[{"name":"wp","href":"https:\/\/api.w.org\/{rel}","templated":true}]}}