{"id":42,"date":"2021-07-09T11:58:42","date_gmt":"2021-07-09T11:58:42","guid":{"rendered":"https:\/\/szablon.pawelkepa.pl\/demo1\/?page_id=42"},"modified":"2025-10-20T23:11:17","modified_gmt":"2025-10-20T21:11:17","slug":"polityka-prywatnosci-2","status":"publish","type":"page","link":"https:\/\/gitarypodlupa.pl\/?page_id=42","title":{"rendered":"Polityka prywatno\u015bci"},"content":{"rendered":"\n<p>POLITYKA PRYWATNO\u015aCI<br>STRONY INTERNETOWEJ<br>(HTTPS:\/\/GITARYPODLUPA.PL\/)<br>I\/ Dla W\u0142a\u015bciciela niniejszej strony internetowej, ochrona danych osobowych<br>U\u017cytkownik\u00f3w jest spraw\u0105 najwy\u017cszej wagi. Dok\u0142ada on ogrom stara\u0144, aby<br>U\u017cytkownicy czuli si\u0119 bezpiecznie, powierzaj\u0105c swoje dane osobowe w trakcie<br>korzystania ze strony internetowej.<br>II\/ Przetwarzane s\u0105 dane osobowe U\u017cytkownik\u00f3w tylko w zakresie niezb\u0119dnym<br>do zapewnienia funkcjonalnej strony internetowej i us\u0142ug. Dane osobowe<br>U\u017cytkownik\u00f3w s\u0105 przetwarzane wy\u0142\u0105cznie za ich zgod\u0105. Wyj\u0105tkiem s\u0105<br>przypadki, w kt\u00f3rych nie mo\u017cna uzyska\u0107 uprzedniej zgody z przyczyn<br>faktycznych i w kt\u00f3rych przetwarzanie danych jest dozwolone przez prawo.<br>III\/ U\u017cytkownik to osoba fizyczna, osoba prawna albo jednostka organizacyjna,<br>nieposiadaj\u0105ca osobowo\u015bci prawnej, kt\u00f3rej ustawa przyznaje zdolno\u015b\u0107 prawn\u0105,<br>korzystaj\u0105ca z us\u0142ug elektronicznych, dost\u0119pnych w ramach strony<br>internetowej.<br>IV\/ Niniejsza polityka prywatno\u015bci wyja\u015bnia zasady i zakres przetwarzania<br>danych osobowych U\u017cytkownika, przys\u0142uguj\u0105ce mu prawa, jak te\u017c obowi\u0105zki<br>administratora tych danych, a tak\u017ce informuje o u\u017cywaniu plik\u00f3w cookies.<br>V\/ Administrator stosuje najnowocze\u015bniejsze \u015brodki techniczne i rozwi\u0105zania<br>organizacyjne, zapewniaj\u0105ce wysoki poziom ochrony przetwarzanych danych<br>osobowych oraz zabezpieczenia przed dost\u0119pem os\u00f3b nieupowa\u017cnionych.<br>I. ADMINISTRATOR DANYCH OSOBOWYCH<br>Administratorem danych osobowych jest Pan Pawe\u0142 Tworkowski, zamieszka\u0142y przy:<br>ul.Weso\u0142a 9; 29-100 Kurzel\u00f3w (zwany dalej: \u201eW\u0142a\u015bciciel&#8221;).<br>II. CEL PRZETWARZANIA DANYCH OSOBOWYCH<\/p>\n\n\n\n<ol class=\"wp-block-list\">\n<li>Administrator przetwarza dane osobowe U\u017cytkownika w celu:<\/li>\n<\/ol>\n\n\n\n<hr class=\"wp-block-separator has-alpha-channel-opacity\"\/>\n\n\n\n<p><\/p>\n\n\n\n<p>Niniejsza Polityka Prywatno\u015bci jest zgodna z przepisami wynikaj\u0105cymi z art. 13<br>ust. 1 i ust. 2 rozporz\u0105dzenia RODO.<\/p>\n\n\n\n<p>U\u017cytkownik mo\u017ce r\u00f3wnie\u017c wyrazi\u0107 zgod\u0119 na otrzymywanie informacji<br>o nowo\u015bciach i promocjach, co spowoduje, \u017ce administrator b\u0119dzie r\u00f3wnie\u017c<br>przetwarza\u0107 dane osobowe, w celu przesy\u0142ania U\u017cytkownikowi informacji<br>handlowych, dotycz\u0105cych m.in. nowych produkt\u00f3w lub us\u0142ug, promocji czy<br>wyprzeda\u017cy.<\/p>\n\n\n\n<p>Dane osobowe s\u0105 r\u00f3wnie\u017c przetwarzane w ramach wype\u0142nienia prawnych<br>obowi\u0105zk\u00f3w, ci\u0105\u017c\u0105cych na administratorze danych oraz realizacji zada\u0144,<br>w interesie publicznym m.in. do wykonywania zada\u0144, zwi\u0105zanych<br>z bezpiecze\u0144stwem i obronno\u015bci\u0105 lub przechowywaniem dokumentacji podatkowej.<\/p>\n\n\n\n<p>Dane osobowe mog\u0105 by\u0107 r\u00f3wnie\u017c przetwarzane w celach marketingu<br>bezpo\u015bredniego produkt\u00f3w, zabezpieczenia i dochodzenia roszcze\u0144 lub ochrony<br>przed roszczeniami U\u017cytkownika lub osoby trzeciej, jak r\u00f3wnie\u017c marketingu us\u0142ug<br>i produkt\u00f3w podmiot\u00f3w trzecich lub marketingu w\u0142asnego, nieb\u0119d\u0105cego<br>marketingiem bezpo\u015brednim.<br>III. RODZAJ DANYCH<\/p>\n\n\n\n<p>Przy ka\u017cdym wej\u015bciu na nasz\u0105 stron\u0119 internetow\u0105, pobierane s\u0105 automatycznie<br>dane i informacje z systemu komputera, wchodz\u0105cego na stron\u0119, w szczeg\u00f3lno\u015bci<br>dotycz\u0105ce:<br>a) rodzaju i wersji u\u017cywanej przegl\u0105darki;<br>b) systemu operacyjnego U\u017cytkownika;<br>c) dostawcy us\u0142ug internetowych U\u017cytkownika;<br>d) adresu IP U\u017cytkownika;<br>e) daty i godziny wej\u015bcia przez U\u017cytkownika na stron\u0119 internetow\u0105;<br>f) stron internetowych, z kt\u00f3rych system U\u017cytkownika wchodzi na stron\u0119<br>internetow\u0105: HTTPS:\/\/GITARYPODLUPA.PL\/;<br>g) stron internetowych, do kt\u00f3rych system U\u017cytkownika uzyskuje dost\u0119p za<br>po\u015brednictwem strony internetowej: HTTPS:\/\/GITARYPODLUPA.PL\/;<br>h) plik\u00f3w dziennika, zawieraj\u0105cych adresy IP lub inne dane, kt\u00f3re umo\u017cliwiaj\u0105<br>przypisanie ich do U\u017cytkownika (je\u015bli zosta\u0142y podane na innej stronie<br>internetowej, przez kt\u00f3r\u0105 U\u017cytkownik wszed\u0142 na stron\u0119 internetow\u0105:<br>HTTPS:\/\/GITARYPODLUPA.PL\/). Dane te s\u0105 zapisywane w plikach log\u00f3w systemu<br><br>i nie s\u0105 przechowywane razem z innymi danymi osobowymi U\u017cytkownika.<br>IV. PODSTAWA PRAWNA PRZETWARZANIA DANYCH OSOBOWYCH<\/p>\n\n\n\n<p>Dane osobowe s\u0105 przetwarzane zgodnie z przepisami Rozporz\u0105dzenia<br>Parlamentu Europejskiego i Rady (UE) 2016\/679 z dnia 27 kwietnia 2016 r.<br>w sprawie ochrony os\u00f3b fizycznych w zwi\u0105zku z przetwarzaniem danych<br>osobowych i w sprawie swobodnego przep\u0142ywu takich danych oraz uchylenia<br>dyrektywy 95\/46\/WE (og\u00f3lne rozporz\u0105dzenie o ochronie danych), Dz.Urz.UE L 119,<br>4.5.2016, str. 1\u201388, dalej zwane: \u201erozporz\u0105dzenie RODO&#8221;.<\/p>\n\n\n\n<p>Administrator przetwarza dane osobowe wy\u0142\u0105cznie po uprzednim uzyskaniu<br>zgody U\u017cytkownika.<\/p>\n\n\n\n<p>Wyra\u017cenie zgody na przetwarzanie danych osobowych jest ca\u0142kowicie<br>dobrowolne.<br>V. PRAWA PRZYS\u0141UGUJ\u0104CE U\u017bYTKOWNIKOWI<\/p>\n\n\n\n<p>U\u017cytkownik mo\u017ce w ka\u017cdej chwili za\u017c\u0105da\u0107 od administratora informacji<br>o zakresie przetwarzania danych osobowych.<\/p>\n\n\n\n<p>U\u017cytkownik mo\u017ce w ka\u017cdej chwili za\u017c\u0105da\u0107 poprawienia b\u0105d\u017a sprostowania<br>swoich danych osobowych.<\/p>\n\n\n\n<p>U\u017cytkownik mo\u017ce w ka\u017cdej chwili wycofa\u0107 swoj\u0105 zgod\u0119 na przetwarzanie jego<br>danych osobowych, bez podawania przyczyny. \u017b\u0105danie nieprzetwarzania danych<br>mo\u017ce dotyczy\u0107 wskazanego przez U\u017cytkownika konkretnego celu przetwarzania np.<br>wycofanie zgody na otrzymywanie informacji handlowych b\u0105d\u017a dotyczy\u0107<br>wszystkich cel\u00f3w przetwarzania danych. Wycofanie zgody co do wszystkich cel\u00f3w<br>przetwarzania spowoduje, \u017ce konto U\u017cytkownika zostanie usuni\u0119te ze strony<br>internetowej, wraz ze wszystkimi wcze\u015bniej przetwarzanymi przez administratora<br>danymi osobowymi U\u017cytkownika. Wycofanie zgody nie wp\u0142ynie na ju\u017c dokonane<br>czynno\u015bci.<\/p>\n\n\n\n<p>U\u017cytkownik mo\u017ce w ka\u017cdej chwili \u017c\u0105da\u0107, bez podawania przyczyny, aby<br>administrator usun\u0105\u0142 Jego dane. \u017b\u0105danie usuni\u0119cia danych nie wp\u0142ynie na<br>dotychczas dokonane czynno\u015bci. Usuni\u0119cie danych oznacza jednoczesne usuni\u0119cie<br>konta U\u017cytkownika, wraz ze wszystkimi zapisanymi i przetwarzanymi do tej pory<br>przez administratora danymi osobowymi.<br><\/p>\n\n\n\n<p>U\u017cytkownik mo\u017ce w ka\u017cdej chwili wyrazi\u0107 sprzeciw przeciwko przetwarzaniu<br>danych osobowych, zar\u00f3wno w zakresie wszystkich przetwarzanych przez<br>administratora danych osobowych U\u017cytkownika, jak r\u00f3wnie\u017c jedynie<br>w ograniczonym zakresie np. co do przetwarzania danych w konkretnie wskazanym<br>celu. Sprzeciw nie wp\u0142ynie na dotychczas dokonane czynno\u015bci. Wniesienie<br>sprzeciwu spowoduje usuni\u0119cie konta U\u017cytkownika, wraz ze wszystkimi zapisanymi<br>i przetwarzanymi do tej pory, przez administratora, danymi osobowymi.<\/p>\n\n\n\n<p>U\u017cytkownik mo\u017ce za\u017c\u0105da\u0107 ograniczenia przetwarzania danych osobowych, czy<br>to przez okre\u015blony czas, czy te\u017c bez ograniczenia czasowego, ale w okre\u015blonym<br>zakresie, co administrator b\u0119dzie obowi\u0105zany spe\u0142ni\u0107. \u017b\u0105danie to nie wp\u0142ynie na<br>dotychczas dokonane czynno\u015bci.<\/p>\n\n\n\n<p>U\u017cytkownik mo\u017ce za\u017c\u0105da\u0107, aby administrator przekaza\u0142 innemu podmiotowi,<br>przetwarzane dane osobowe U\u017cytkownika. Powinien w tym celu napisa\u0107 pro\u015bb\u0119 do<br>administratora, wskazuj\u0105c, jakiemu podmiotowi (nazwa, adres) nale\u017cy przekaza\u0107<br>dane osobowe U\u017cytkownika oraz jakie konkretnie dane U\u017cytkownik \u017cyczy sobie,<br>\u017ceby administrator przekaza\u0142. Po potwierdzeniu przez U\u017cytkownika swojego<br>\u017cyczenia, administrator przeka\u017ce, w formie elektronicznej, wskazanemu<br>podmiotowi, dane osobowe U\u017cytkownika. Potwierdzenie przez U\u017cytkownika \u017c\u0105dania<br>jest niezb\u0119dne z uwagi na bezpiecze\u0144stwo danych osobowych U\u017cytkownika oraz<br>uzyskanie pewno\u015bci, \u017ce \u017c\u0105danie pochodzi od osoby uprawnionej.<\/p>\n\n\n\n<p>Administrator informuje U\u017cytkownika o podj\u0119tych dzia\u0142aniach, przed up\u0142ywem<br>miesi\u0105ca od otrzymania jednego z \u017c\u0105da\u0144 wymienionych w poprzednich punktach.<br>VI. OKRES PRZECHOWYWANIA DANYCH OSOBOWYCH<\/p>\n\n\n\n<p>Zasadniczo dane osobowe s\u0105 przechowywane tylko tak d\u0142ugo, jak to jest<br>konieczne do wype\u0142nienia zobowi\u0105za\u0144 umownych lub ustawowych, dla kt\u00f3rych<br>zosta\u0142y one zgromadzone. Dane te zostan\u0105 usuni\u0119te natychmiast, gdy ich<br>przechowywanie nie b\u0119dzie konieczne, w celach dowodowych, zgodnie z prawem<br>cywilnym lub w zwi\u0105zku z ustawowym obowi\u0105zkiem przechowywania danych.<\/p>\n\n\n\n<p>Informacje, dotycz\u0105ce umowy, przechowuje si\u0119 w celach dowodowych, przez<br>okres trzech lat, pocz\u0105wszy od ko\u0144ca roku, w kt\u00f3rym zako\u0144czono relacje handlowe<br>z U\u017cytkownikiem. Usuni\u0119cie danych nast\u0105pi po up\u0142ywie ustawowego terminu<br>przedawnienia dochodzenia roszcze\u0144 umownych.<\/p>\n\n\n\n<p>Ponadto, administrator mo\u017ce zachowa\u0107 informacje archiwalne, dotycz\u0105ce<br>zawartych transakcji, gdy\u017c ich przechowywanie jest zwi\u0105zane z przys\u0142uguj\u0105cymi<br>U\u017cytkownikowi roszczeniami np. z tytu\u0142u r\u0119kojmi.<br><\/p>\n\n\n\n<p>Je\u015bli \u017cadna umowa nie zosta\u0142a zawarta, mi\u0119dzy U\u017cytkownikiem i W\u0142a\u015bcicielem,<br>dane osobowe U\u017cytkownika s\u0105 przechowywane do czasu usuni\u0119cia konta<br>U\u017cytkownika na stronie internetowej. Usuni\u0119cie konta mo\u017ce nast\u0105pi\u0107 w wyniku<br>wysuni\u0119cia \u017c\u0105dania przez U\u017cytkownika, wycofania zgody na przetwarzanie danych<br>osobowych, b\u0105d\u017a te\u017c zg\u0142oszenia sprzeciwu co do przetwarzania tych danych.<br>VII. POWIERZENIE PRZETWARZANIA DANYCH INNYM PODMIOTOM<\/p>\n\n\n\n<p>Administrator mo\u017ce powierza\u0107 przetwarzanie danych osobowych podmiotom<br>wsp\u00f3\u0142pracuj\u0105cym z administratorem, w zakresie niezb\u0119dnym dla realizacji<br>transakcji np. w celu przygotowania zam\u00f3wionego towaru oraz dostarczania<br>przesy\u0142ek lub przekazywania informacji handlowych, pochodz\u0105cych od<br>administratora (ostatnie dotyczy U\u017cytkownik\u00f3w, kt\u00f3rzy wyrazili zgod\u0119 na<br>otrzymywanie informacji handlowych).<\/p>\n\n\n\n<p>Poza celami, wskazanymi w niniejszej Polityce Prywatno\u015bci, dane osobowe<br>U\u017cytkownik\u00f3w, nie b\u0119d\u0105 w \u017caden spos\u00f3b udost\u0119pniane osobom trzecim, ani<br>przekazywane innym podmiotom, w celu przesy\u0142ania materia\u0142\u00f3w marketingowych<br>tych os\u00f3b trzecich.<\/p>\n\n\n\n<p>Dane osobowe U\u017cytkownik\u00f3w strony internetowej nie s\u0105 przekazywane poza<br>obszar Unii Europejskiej.<\/p>\n","protected":false},"excerpt":{"rendered":"<p>POLITYKA PRYWATNO\u015aCISTRONY INTERNETOWEJ(HTTPS:\/\/GITARYPODLUPA.PL\/)I\/ Dla W\u0142a\u015bciciela niniejszej strony internetowej, ochrona danych osobowychU\u017cytkownik\u00f3w jest spraw\u0105 najwy\u017cszej wagi. Dok\u0142ada on ogrom stara\u0144, abyU\u017cytkownicy [&hellip;]<\/p>\n","protected":false},"author":1,"featured_media":0,"parent":0,"menu_order":0,"comment_status":"closed","ping_status":"closed","template":"","meta":{"_monsterinsights_skip_tracking":false,"_monsterinsights_sitenote_active":false,"_monsterinsights_sitenote_note":"","_monsterinsights_sitenote_category":0,"footnotes":""},"class_list":["post-42","page","type-page","status-publish","hentry"],"aioseo_notices":[],"_links":{"self":[{"href":"https:\/\/gitarypodlupa.pl\/index.php?rest_route=\/wp\/v2\/pages\/42","targetHints":{"allow":["GET"]}}],"collection":[{"href":"https:\/\/gitarypodlupa.pl\/index.php?rest_route=\/wp\/v2\/pages"}],"about":[{"href":"https:\/\/gitarypodlupa.pl\/index.php?rest_route=\/wp\/v2\/types\/page"}],"author":[{"embeddable":true,"href":"https:\/\/gitarypodlupa.pl\/index.php?rest_route=\/wp\/v2\/users\/1"}],"replies":[{"embeddable":true,"href":"https:\/\/gitarypodlupa.pl\/index.php?rest_route=%2Fwp%2Fv2%2Fcomments&post=42"}],"version-history":[{"count":1,"href":"https:\/\/gitarypodlupa.pl\/index.php?rest_route=\/wp\/v2\/pages\/42\/revisions"}],"predecessor-version":[{"id":1088,"href":"https:\/\/gitarypodlupa.pl\/index.php?rest_route=\/wp\/v2\/pages\/42\/revisions\/1088"}],"wp:attachment":[{"href":"https:\/\/gitarypodlupa.pl\/index.php?rest_route=%2Fwp%2Fv2%2Fmedia&parent=42"}],"curies":[{"name":"wp","href":"https:\/\/api.w.org\/{rel}","templated":true}]}}